{"id":1846,"date":"2020-08-27T14:45:24","date_gmt":"2020-08-27T11:45:24","guid":{"rendered":"http:\/\/whitephoto.eu\/?page_id=1846"},"modified":"2021-11-08T14:13:14","modified_gmt":"2021-11-08T11:13:14","slug":"galleri","status":"publish","type":"page","link":"https:\/\/whitephoto.eu\/cs\/galleri\/","title":{"rendered":"Galerie"},"content":{"rendered":"<p>[vc_row][vc_column width=&#8221;1\/4&#8243;]<a\n  href=\"http:\/\/whitephoto.eu\/gallery-item\/photographer-in-prague-and-czech-republic-gallery\/\"\n  class=\"marvelous-link noHover\"\n  >\n  <figure class=\"marvelous-hover effect-hover effect-winston ratio43 effect-fonts  marvelous-anim marvelous-anim-zoomIn marvelous_custom_class_861890427e823a  \">\n        <img src=\"https:\/\/whitephoto.eu\/wp-content\/uploads\/2020\/05\/wedding-in-prague-c_0005-1280x960.jpg\" alt=\"\" \/>\n    \n    <figcaption>\n      <div class=\"effect-caption\">\n        <div class=\"effect-heading\">\n          <h2>Wedding <span><\/span><\/h2>\n        <\/div>\n\n        <div class=\"effect-description\">\n                    <p class=\"description\">See here<\/p>\n                  <\/div>\n\n      <\/div>\n    <\/figcaption>\n  <\/figure>\n<\/a>\n<style type=\"text\/css\" data-type=\"vckit-shortcode-css\" data-shortcode=\"marvelous_hover\">.effect-hover.marvelous_custom_class_861890427e823a h2, .effect-hover.marvelous_custom_class_861890427e823a p { color: #ffffff; }.effect-hover.marvelous_custom_class_861890427e823a:hover h2, .effect-hover.marvelous_custom_class_861890427e823a:hover p { color: rgba(104,104,104,0.7) !important; }.effect-hover.marvelous_custom_class_861890427e823a:hover { background: rgba(255,255,255,0.51); }<\/style>[\/vc_column][vc_column width=&#8221;1\/4&#8243;]<a\n  href=\"http:\/\/whitephoto.eu\/gallery-item\/corporate-events-photographer\/\"\n  class=\"marvelous-link noHover\"\n  >\n  <figure class=\"marvelous-hover effect-hover effect-winston ratio43 effect-fonts  marvelous-anim marvelous-anim-zoomIn marvelous_custom_class_861890493d01b7  \">\n        <img src=\"https:\/\/whitephoto.eu\/wp-content\/uploads\/2020\/06\/Corporate_0002_Salon-1280x960.jpg\" alt=\"\" \/>\n    \n    <figcaption>\n      <div class=\"effect-caption\">\n        <div class=\"effect-heading\">\n          <h2>Corporate <span><\/span><\/h2>\n        <\/div>\n\n        <div class=\"effect-description\">\n                    <p class=\"description\">See here<\/p>\n                  <\/div>\n\n      <\/div>\n    <\/figcaption>\n  <\/figure>\n<\/a>\n<style type=\"text\/css\" data-type=\"vckit-shortcode-css\" data-shortcode=\"marvelous_hover\">.effect-hover.marvelous_custom_class_861890493d01b7 h2, .effect-hover.marvelous_custom_class_861890493d01b7 p { color: #ffffff; }.effect-hover.marvelous_custom_class_861890493d01b7:hover h2, .effect-hover.marvelous_custom_class_861890493d01b7:hover p { color: rgba(104,104,104,0.7) !important; }.effect-hover.marvelous_custom_class_861890493d01b7:hover { background: rgba(255,255,255,0.5); }<\/style>[\/vc_column][vc_column width=&#8221;1\/4&#8243;]<a\n  href=\"http:\/\/whitephoto.eu\/gallery-item\/prague-photographer-product-photo\/\"\n  class=\"marvelous-link noHover\"\n  >\n  <figure class=\"marvelous-hover effect-hover effect-winston ratio43 effect-fonts  marvelous-anim marvelous-anim-zoomIn marvelous_custom_class_86189052ed372f vc_custom_1636369721318 \">\n        <img src=\"https:\/\/whitephoto.eu\/wp-content\/uploads\/2020\/05\/002-scaled-1-1280x960.jpg\" alt=\"Product photo edited and prepared for your web site.\" \/>\n    \n    <figcaption>\n      <div class=\"effect-caption\">\n        <div class=\"effect-heading\">\n          <h2>Product <span><\/span><\/h2>\n        <\/div>\n\n        <div class=\"effect-description\">\n                    <p class=\"description\">See here<\/p>\n                  <\/div>\n\n      <\/div>\n    <\/figcaption>\n  <\/figure>\n<\/a>\n<style type=\"text\/css\" data-type=\"vckit-shortcode-css\" data-shortcode=\"marvelous_hover\">.effect-hover.marvelous_custom_class_86189052ed372f h2, .effect-hover.marvelous_custom_class_86189052ed372f p { color: #ffc119; }.effect-hover.marvelous_custom_class_86189052ed372f:hover h2, .effect-hover.marvelous_custom_class_86189052ed372f:hover p { color: #ff0044 !important; }.effect-hover.marvelous_custom_class_86189052ed372f:hover { background: rgba(255,255,255,0.5); }<\/style>[\/vc_column][vc_column width=&#8221;1\/4&#8243;]<a\n  href=\"http:\/\/whitephoto.eu\/gallery-item\/photographer-in-prague-and-czech-republic-interior-photography\/\"\n  class=\"marvelous-link noHover\"\n  >\n  <figure class=\"marvelous-hover effect-hover effect-winston ratio43 effect-fonts  marvelous-anim marvelous-anim-zoomIn marvelous_custom_class_1061890634a2f0a  \">\n        <img src=\"https:\/\/whitephoto.eu\/wp-content\/uploads\/2020\/05\/in-\u0421\u0442\u0443\u0434\u0438\u044f_2-1280x960.jpg\" alt=\"\" \/>\n    \n    <figcaption>\n      <div class=\"effect-caption\">\n        <div class=\"effect-heading\">\n          <h2>Interior <span><\/span><\/h2>\n        <\/div>\n\n        <div class=\"effect-description\">\n                    <p class=\"description\">See here<\/p>\n                  <\/div>\n\n      <\/div>\n    <\/figcaption>\n  <\/figure>\n<\/a>\n<style type=\"text\/css\" data-type=\"vckit-shortcode-css\" data-shortcode=\"marvelous_hover\">.effect-hover.marvelous_custom_class_1061890634a2f0a:hover h2, .effect-hover.marvelous_custom_class_1061890634a2f0a:hover p { color: rgba(104,104,104,0.7) !important; }.effect-hover.marvelous_custom_class_1061890634a2f0a:hover { background: rgba(255,255,255,0.5); }<\/style>[\/vc_column][\/vc_row][vc_row][vc_column width=&#8221;1\/1&#8243;][vc_raw_html]JTNDc3R5bGUlM0UlMEFmaWd1cmUlMjBpbWclMjAlN0IlMEFvcGFjaXR5JTNBJTIwMSUyMWltcG9ydGFudCUzQiUwQSU3RCUwQSUzQyUyRnN0eWxlJTNF[\/vc_raw_html][\/vc_column][\/vc_row]<\/p>\n","protected":false},"excerpt":{"rendered":"<p>[vc_row][vc_column width=&#8221;1\/4&#8243;][\/vc_column][vc_column width=&#8221;1\/4&#8243;][\/vc_column][vc_column width=&#8221;1\/4&#8243;][\/vc_column][vc_column width=&#8221;1\/4&#8243;][\/vc_column][\/vc_row][vc_row][vc_column width=&#8221;1\/1&#8243;][vc_raw_html]JTNDc3R5bGUlM0UlMEFmaWd1cmUlMjBpbWclMjAlN0IlMEFvcGFjaXR5JTNBJTIwMSUyMWltcG9ydGFudCUzQiUwQSU3RCUwQSUzQyUyRnN0eWxlJTNF[\/vc_raw_html][\/vc_column][\/vc_row]<\/p>\n","protected":false},"author":1,"featured_media":2022,"parent":0,"menu_order":0,"comment_status":"closed","ping_status":"closed","template":"","meta":{"_locale":"cs_CZ","_original_post":"http:\/\/whitephoto.eu\/?page_id=1246"},"yoast_head":"<!-- This site is optimized with the Yoast SEO plugin v19.2 - https:\/\/yoast.com\/wordpress\/plugins\/seo\/ -->\n<title>Galerie - whitephoto.eu<\/title>\n<meta name=\"description\" content=\"Fotograf v Praze a \u010cesk\u00e9 republice. Na\u0161e portfolio. Svatby. Firemn\u00ed akce. Produktov\u00e9 foto. Portrety.\" \/>\n<meta name=\"robots\" content=\"index, follow, max-snippet:-1, max-image-preview:large, max-video-preview:-1\" \/>\n<link rel=\"canonical\" href=\"http:\/\/whitephoto.eu\/cs\/galleri\/\" \/>\n<meta property=\"og:locale\" content=\"cs_CZ\" \/>\n<meta property=\"og:type\" content=\"article\" \/>\n<meta property=\"og:title\" content=\"Galerie - whitephoto.eu\" \/>\n<meta property=\"og:description\" content=\"Fotograf v Praze a \u010cesk\u00e9 republice. Na\u0161e portfolio. Svatby. Firemn\u00ed akce. Produktov\u00e9 foto. Portrety.\" \/>\n<meta property=\"og:url\" content=\"http:\/\/whitephoto.eu\/cs\/galleri\/\" \/>\n<meta property=\"og:site_name\" content=\"whitephoto.eu\" \/>\n<meta property=\"article:publisher\" content=\"https:\/\/www.facebook.com\/Whitephoto.eu\/\" \/>\n<meta property=\"article:modified_time\" content=\"2021-11-08T11:13:14+00:00\" \/>\n<meta property=\"og:image\" content=\"http:\/\/whitephoto.eu\/wp-content\/uploads\/2020\/07\/RU_029.jpg\" \/>\n\t<meta property=\"og:image:width\" content=\"1920\" \/>\n\t<meta property=\"og:image:height\" content=\"1280\" \/>\n\t<meta property=\"og:image:type\" content=\"image\/jpeg\" \/>\n<meta name=\"author\" content=\"admin\" \/>\n<meta name=\"twitter:card\" content=\"summary_large_image\" \/>\n<meta name=\"twitter:label1\" content=\"Odhadovan\u00e1 doba \u010dten\u00ed\" \/>\n\t<meta name=\"twitter:data1\" content=\"1 minuta\" \/>\n<script type=\"application\/ld+json\" class=\"yoast-schema-graph\">{\"@context\":\"https:\/\/schema.org\",\"@graph\":[{\"@type\":\"Organization\",\"@id\":\"http:\/\/whitephoto.eu\/#organization\",\"name\":\"White Photography\",\"url\":\"http:\/\/whitephoto.eu\/\",\"sameAs\":[\"https:\/\/www.facebook.com\/Whitephoto.eu\/\"],\"logo\":{\"@type\":\"ImageObject\",\"inLanguage\":\"cs\",\"@id\":\"http:\/\/whitephoto.eu\/#\/schema\/logo\/image\/\",\"url\":\"http:\/\/whitephoto.eu\/wp-content\/uploads\/2020\/05\/wedding-in-prague-c_0000.jpg\",\"contentUrl\":\"http:\/\/whitephoto.eu\/wp-content\/uploads\/2020\/05\/wedding-in-prague-c_0000.jpg\",\"width\":1920,\"height\":1920,\"caption\":\"White Photography\"},\"image\":{\"@id\":\"http:\/\/whitephoto.eu\/#\/schema\/logo\/image\/\"}},{\"@type\":\"WebSite\",\"@id\":\"http:\/\/whitephoto.eu\/#website\",\"url\":\"http:\/\/whitephoto.eu\/\",\"name\":\"whitephoto.eu\",\"description\":\"\u0415\u0449\u0451 \u043e\u0434\u0438\u043d \u0441\u0430\u0439\u0442 \u043d\u0430 WordPress\",\"publisher\":{\"@id\":\"http:\/\/whitephoto.eu\/#organization\"},\"potentialAction\":[{\"@type\":\"SearchAction\",\"target\":{\"@type\":\"EntryPoint\",\"urlTemplate\":\"http:\/\/whitephoto.eu\/?s={search_term_string}\"},\"query-input\":\"required name=search_term_string\"}],\"inLanguage\":\"cs\"},{\"@type\":\"ImageObject\",\"inLanguage\":\"cs\",\"@id\":\"http:\/\/whitephoto.eu\/cs\/galleri\/#primaryimage\",\"url\":\"https:\/\/whitephoto.eu\/wp-content\/uploads\/2020\/07\/RU_029.jpg\",\"contentUrl\":\"https:\/\/whitephoto.eu\/wp-content\/uploads\/2020\/07\/RU_029.jpg\",\"width\":1920,\"height\":1280},{\"@type\":\"WebPage\",\"@id\":\"http:\/\/whitephoto.eu\/cs\/galleri\/#webpage\",\"url\":\"http:\/\/whitephoto.eu\/cs\/galleri\/\",\"name\":\"Galerie - whitephoto.eu\",\"isPartOf\":{\"@id\":\"http:\/\/whitephoto.eu\/#website\"},\"primaryImageOfPage\":{\"@id\":\"http:\/\/whitephoto.eu\/cs\/galleri\/#primaryimage\"},\"datePublished\":\"2020-08-27T11:45:24+00:00\",\"dateModified\":\"2021-11-08T11:13:14+00:00\",\"description\":\"Fotograf v Praze a \u010cesk\u00e9 republice. Na\u0161e portfolio. Svatby. Firemn\u00ed akce. Produktov\u00e9 foto. Portrety.\",\"breadcrumb\":{\"@id\":\"http:\/\/whitephoto.eu\/cs\/galleri\/#breadcrumb\"},\"inLanguage\":\"cs\",\"potentialAction\":[{\"@type\":\"ReadAction\",\"target\":[\"http:\/\/whitephoto.eu\/cs\/galleri\/\"]}]},{\"@type\":\"BreadcrumbList\",\"@id\":\"http:\/\/whitephoto.eu\/cs\/galleri\/#breadcrumb\",\"itemListElement\":[{\"@type\":\"ListItem\",\"position\":1,\"name\":\"\u0413\u043b\u0430\u0432\u043d\u0430\u044f \u0441\u0442\u0440\u0430\u043d\u0438\u0446\u0430\",\"item\":\"http:\/\/whitephoto.eu\/cs\/\"},{\"@type\":\"ListItem\",\"position\":2,\"name\":\"Galerie\"}]}]}<\/script>\n<!-- \/ Yoast SEO plugin. -->","yoast_head_json":{"title":"Galerie - whitephoto.eu","description":"Fotograf v Praze a \u010cesk\u00e9 republice. Na\u0161e portfolio. Svatby. Firemn\u00ed akce. Produktov\u00e9 foto. Portrety.","robots":{"index":"index","follow":"follow","max-snippet":"max-snippet:-1","max-image-preview":"max-image-preview:large","max-video-preview":"max-video-preview:-1"},"canonical":"http:\/\/whitephoto.eu\/cs\/galleri\/","og_locale":"cs_CZ","og_type":"article","og_title":"Galerie - whitephoto.eu","og_description":"Fotograf v Praze a \u010cesk\u00e9 republice. Na\u0161e portfolio. Svatby. Firemn\u00ed akce. Produktov\u00e9 foto. Portrety.","og_url":"http:\/\/whitephoto.eu\/cs\/galleri\/","og_site_name":"whitephoto.eu","article_publisher":"https:\/\/www.facebook.com\/Whitephoto.eu\/","article_modified_time":"2021-11-08T11:13:14+00:00","og_image":[{"width":1920,"height":1280,"url":"http:\/\/whitephoto.eu\/wp-content\/uploads\/2020\/07\/RU_029.jpg","type":"image\/jpeg"}],"author":"admin","twitter_card":"summary_large_image","twitter_misc":{"Odhadovan\u00e1 doba \u010dten\u00ed":"1 minuta"},"schema":{"@context":"https:\/\/schema.org","@graph":[{"@type":"Organization","@id":"http:\/\/whitephoto.eu\/#organization","name":"White Photography","url":"http:\/\/whitephoto.eu\/","sameAs":["https:\/\/www.facebook.com\/Whitephoto.eu\/"],"logo":{"@type":"ImageObject","inLanguage":"cs","@id":"http:\/\/whitephoto.eu\/#\/schema\/logo\/image\/","url":"http:\/\/whitephoto.eu\/wp-content\/uploads\/2020\/05\/wedding-in-prague-c_0000.jpg","contentUrl":"http:\/\/whitephoto.eu\/wp-content\/uploads\/2020\/05\/wedding-in-prague-c_0000.jpg","width":1920,"height":1920,"caption":"White Photography"},"image":{"@id":"http:\/\/whitephoto.eu\/#\/schema\/logo\/image\/"}},{"@type":"WebSite","@id":"http:\/\/whitephoto.eu\/#website","url":"http:\/\/whitephoto.eu\/","name":"whitephoto.eu","description":"\u0415\u0449\u0451 \u043e\u0434\u0438\u043d \u0441\u0430\u0439\u0442 \u043d\u0430 WordPress","publisher":{"@id":"http:\/\/whitephoto.eu\/#organization"},"potentialAction":[{"@type":"SearchAction","target":{"@type":"EntryPoint","urlTemplate":"http:\/\/whitephoto.eu\/?s={search_term_string}"},"query-input":"required name=search_term_string"}],"inLanguage":"cs"},{"@type":"ImageObject","inLanguage":"cs","@id":"http:\/\/whitephoto.eu\/cs\/galleri\/#primaryimage","url":"https:\/\/whitephoto.eu\/wp-content\/uploads\/2020\/07\/RU_029.jpg","contentUrl":"https:\/\/whitephoto.eu\/wp-content\/uploads\/2020\/07\/RU_029.jpg","width":1920,"height":1280},{"@type":"WebPage","@id":"http:\/\/whitephoto.eu\/cs\/galleri\/#webpage","url":"http:\/\/whitephoto.eu\/cs\/galleri\/","name":"Galerie - whitephoto.eu","isPartOf":{"@id":"http:\/\/whitephoto.eu\/#website"},"primaryImageOfPage":{"@id":"http:\/\/whitephoto.eu\/cs\/galleri\/#primaryimage"},"datePublished":"2020-08-27T11:45:24+00:00","dateModified":"2021-11-08T11:13:14+00:00","description":"Fotograf v Praze a \u010cesk\u00e9 republice. Na\u0161e portfolio. Svatby. Firemn\u00ed akce. Produktov\u00e9 foto. Portrety.","breadcrumb":{"@id":"http:\/\/whitephoto.eu\/cs\/galleri\/#breadcrumb"},"inLanguage":"cs","potentialAction":[{"@type":"ReadAction","target":["http:\/\/whitephoto.eu\/cs\/galleri\/"]}]},{"@type":"BreadcrumbList","@id":"http:\/\/whitephoto.eu\/cs\/galleri\/#breadcrumb","itemListElement":[{"@type":"ListItem","position":1,"name":"\u0413\u043b\u0430\u0432\u043d\u0430\u044f \u0441\u0442\u0440\u0430\u043d\u0438\u0446\u0430","item":"http:\/\/whitephoto.eu\/cs\/"},{"@type":"ListItem","position":2,"name":"Galerie"}]}]}},"_links":{"self":[{"href":"https:\/\/whitephoto.eu\/wp-json\/wp\/v2\/pages\/1846"}],"collection":[{"href":"https:\/\/whitephoto.eu\/wp-json\/wp\/v2\/pages"}],"about":[{"href":"https:\/\/whitephoto.eu\/wp-json\/wp\/v2\/types\/page"}],"author":[{"embeddable":true,"href":"https:\/\/whitephoto.eu\/wp-json\/wp\/v2\/users\/1"}],"replies":[{"embeddable":true,"href":"https:\/\/whitephoto.eu\/wp-json\/wp\/v2\/comments?post=1846"}],"version-history":[{"count":10,"href":"https:\/\/whitephoto.eu\/wp-json\/wp\/v2\/pages\/1846\/revisions"}],"predecessor-version":[{"id":2474,"href":"https:\/\/whitephoto.eu\/wp-json\/wp\/v2\/pages\/1846\/revisions\/2474"}],"wp:featuredmedia":[{"embeddable":true,"href":"https:\/\/whitephoto.eu\/wp-json\/wp\/v2\/media\/2022"}],"wp:attachment":[{"href":"https:\/\/whitephoto.eu\/wp-json\/wp\/v2\/media?parent=1846"}],"curies":[{"name":"wp","href":"https:\/\/api.w.org\/{rel}","templated":true}]}}