{"id":1792,"date":"2020-08-27T14:13:15","date_gmt":"2020-08-27T11:13:15","guid":{"rendered":"http:\/\/whitephoto.eu\/?page_id=1792"},"modified":"2020-09-22T23:27:11","modified_gmt":"2020-09-22T20:27:11","slug":"home-modern-slider","status":"publish","type":"page","link":"https:\/\/whitephoto.eu\/","title":{"rendered":"\u00davod"},"content":{"rendered":"<p>[vc_row][vc_column width=&#8221;1\/1&#8243;][\/vc_column][\/vc_row][vc_row][vc_column width=&#8221;1\/2&#8243;]<a class=\"marvelous-imsw-link\" href=\"http:\/\/whitephoto.eu\/gallery-item\/main-gallery\/?guid=reeal-gallery&amp;mid=4\">\n\n<div class=\"marvelous-imsw-wrapper\">\n  <div\n    class=\"marvelous-imsw   wwwwhitephotoeu marvelous-imsw-shadow\"\n    data-hover-style=\"slide-upward\">\n    <img src=\"https:\/\/whitephoto.eu\/wp-content\/uploads\/2020\/05\/wedding-in-prague-c_0000.jpg\"      alt=\"\u0424\u043e\u0442\u043e\u0433\u0440\u0430\u0444 \u0432 \u041f\u0440\u0430\u0433\u0435-\u041a\u043b\u0435\u043c\u0435\u043d\u0442\u0438\u043d\u0443\u043c\"\n      title=\"\u0424\u043e\u0442\u043e\u0433\u0440\u0430\u0444 \u0432 \u041f\u0440\u0430\u0433\u0435\"\n      class=\"imsw-bf-img\" \/>\n    <p class=\"marvelous-sr-only\">\u0424\u043e\u0442\u043e\u0433\u0440\u0430\u0444 \u0432 \u041f\u0440\u0430\u0433\u0435<\/p>\n    <div class=\"imsw-af-img\" style=\"background-image: url(https:\/\/whitephoto.eu\/wp-content\/uploads\/2020\/08\/wedding-in-prague-c_0014-1.png)\"><\/div>\n  <\/div>\n<\/div>\n<\/a>\n[\/vc_column][vc_column width=&#8221;1\/2&#8243;][rv_text_output el_class=&#8221;&#8221;]V\u00edtejte v White Photography,<\/p>\n<p>Jsme l\u00e1skou spojen\u00fd kreativn\u00ed p\u00e1r s estetick\u00fdm vn\u00edm\u00e1n\u00edm pro v\u0161e kr\u00e1sn\u00e9 a citliv\u00fdm p\u0159\u00edstupem k \u010dlov\u011bku p\u0159i objevov\u00e1n\u00ed kr\u00e1sy v jeho osobnosti.<br \/>\nOdtud poch\u00e1z\u00ed na\u0161e v\u00e1\u0161e\u0148 pro fotografii. Fotoapar\u00e1t v rukou fotografa je n\u00e1stroj, kter\u00fd v\u00e1m umo\u017en\u00ed zachytit okam\u017eiky \u017eivota.<\/p>\n<p>Obzvl\u00e1\u0161t\u011b milujeme svatebn\u00ed fotografii a vypr\u00e1v\u011bn\u00ed p\u0159\u00edb\u011bh\u016f, proto\u017ee jsou to dva \u017e\u00e1nry, kter\u00e9 n\u00e1m umo\u017e\u0148uj\u00ed zachycovat kr\u00e1su lid\u00ed a skute\u010dn\u00e9 emoce.<\/p>\n<p>D\u00edky mnohalet\u00fdm zku\u0161enostem s interi\u00e9rov\u00fdm designem a dekorac\u00ed jsme na velmi dobr\u00e9 \u00farovni ve fotografii objekt\u016f a interi\u00e9r\u016f. Toto je tud\u00ed\u017e na\u0161e druh\u00e1 specializace.<\/p>\n<p>Ka\u017ed\u00e9 focen\u00ed je individu\u00e1ln\u00ed. Jsme spolehliv\u00ed, p\u0159esn\u00ed a odhodlan\u00ed poskytovat na\u0161im z\u00e1kazn\u00edk\u016fm vysoce kvalitn\u00ed produkt. Budeme se sna\u017eit, abyste si u\u017eili proces spolupr\u00e1ce s n\u00e1mi ve v\u0161ech f\u00e1z\u00edch na\u0161\u00ed vz\u00e1jemn\u00e9 komunikace.[\/rv_text_output][\/vc_column][\/vc_row][vc_row][vc_column width=&#8221;1\/1&#8243;][\/vc_column][\/vc_row][vc_row][vc_column width=&#8221;1\/1&#8243;][rv_gallery layout=&#8221;masonry&#8221; masonry=&#8221;1630&#8243; masonry_slides=&#8221;&#8221;][\/vc_column][\/vc_row]<\/p>\n","protected":false},"excerpt":{"rendered":"<p>[vc_row][vc_column width=&#8221;1\/1&#8243;][\/vc_column][\/vc_row][vc_row][vc_column width=&#8221;1\/2&#8243;][\/vc_column][vc_column width=&#8221;1\/2&#8243;][rv_text_output el_class=&#8221;&#8221;]V\u00edtejte v White Photography, Jsme l\u00e1skou spojen\u00fd kreativn\u00ed p\u00e1r s estetick\u00fdm vn\u00edm\u00e1n\u00edm &#8230; <\/p>\n","protected":false},"author":1,"featured_media":1302,"parent":0,"menu_order":0,"comment_status":"closed","ping_status":"closed","template":"","meta":{"_locale":"cs_CZ","_original_post":"https:\/\/stage.synergiedigitale.com\/reeal\/?page_id=6"},"yoast_head":"<!-- This site is optimized with the Yoast SEO plugin v19.2 - https:\/\/yoast.com\/wordpress\/plugins\/seo\/ -->\n<title>\u00davod - whitephoto.eu<\/title>\n<meta name=\"description\" content=\"Fotograf v Praze a \u010cesk\u00e9 republice. Svatby, firemn\u00ed akce, portr\u00e9ty, interi\u00e9ry, produktov\u00e9 foto.\" \/>\n<meta name=\"robots\" content=\"index, follow, max-snippet:-1, max-image-preview:large, max-video-preview:-1\" \/>\n<link rel=\"canonical\" href=\"http:\/\/whitephoto.eu\/cs\/\" \/>\n<meta property=\"og:locale\" content=\"cs_CZ\" \/>\n<meta property=\"og:type\" content=\"article\" \/>\n<meta property=\"og:title\" content=\"\u00davod - whitephoto.eu\" \/>\n<meta property=\"og:description\" content=\"Fotograf v Praze a \u010cesk\u00e9 republice. Svatby, firemn\u00ed akce, portr\u00e9ty, interi\u00e9ry, produktov\u00e9 foto.\" \/>\n<meta property=\"og:url\" content=\"http:\/\/whitephoto.eu\/cs\/\" \/>\n<meta property=\"og:site_name\" content=\"whitephoto.eu\" \/>\n<meta property=\"article:publisher\" content=\"https:\/\/www.facebook.com\/Whitephoto.eu\/\" \/>\n<meta property=\"article:modified_time\" content=\"2020-09-22T20:27:11+00:00\" \/>\n<meta property=\"og:image\" content=\"http:\/\/whitephoto.eu\/wp-content\/uploads\/2020\/05\/wedding-in-prague-c_0000.jpg\" \/>\n\t<meta property=\"og:image:width\" content=\"1920\" \/>\n\t<meta property=\"og:image:height\" content=\"1920\" \/>\n\t<meta property=\"og:image:type\" content=\"image\/jpeg\" \/>\n<meta name=\"author\" content=\"admin\" \/>\n<meta name=\"twitter:card\" content=\"summary_large_image\" \/>\n<meta name=\"twitter:label1\" content=\"Odhadovan\u00e1 doba \u010dten\u00ed\" \/>\n\t<meta name=\"twitter:data1\" content=\"1 minuta\" \/>\n<script type=\"application\/ld+json\" class=\"yoast-schema-graph\">{\"@context\":\"https:\/\/schema.org\",\"@graph\":[{\"@type\":\"Organization\",\"@id\":\"http:\/\/whitephoto.eu\/#organization\",\"name\":\"White Photography\",\"url\":\"http:\/\/whitephoto.eu\/\",\"sameAs\":[\"https:\/\/www.facebook.com\/Whitephoto.eu\/\"],\"logo\":{\"@type\":\"ImageObject\",\"inLanguage\":\"cs\",\"@id\":\"http:\/\/whitephoto.eu\/#\/schema\/logo\/image\/\",\"url\":\"http:\/\/whitephoto.eu\/wp-content\/uploads\/2020\/05\/wedding-in-prague-c_0000.jpg\",\"contentUrl\":\"http:\/\/whitephoto.eu\/wp-content\/uploads\/2020\/05\/wedding-in-prague-c_0000.jpg\",\"width\":1920,\"height\":1920,\"caption\":\"White Photography\"},\"image\":{\"@id\":\"http:\/\/whitephoto.eu\/#\/schema\/logo\/image\/\"}},{\"@type\":\"WebSite\",\"@id\":\"http:\/\/whitephoto.eu\/#website\",\"url\":\"http:\/\/whitephoto.eu\/\",\"name\":\"whitephoto.eu\",\"description\":\"\u0415\u0449\u0451 \u043e\u0434\u0438\u043d \u0441\u0430\u0439\u0442 \u043d\u0430 WordPress\",\"publisher\":{\"@id\":\"http:\/\/whitephoto.eu\/#organization\"},\"potentialAction\":[{\"@type\":\"SearchAction\",\"target\":{\"@type\":\"EntryPoint\",\"urlTemplate\":\"http:\/\/whitephoto.eu\/?s={search_term_string}\"},\"query-input\":\"required name=search_term_string\"}],\"inLanguage\":\"cs\"},{\"@type\":\"ImageObject\",\"inLanguage\":\"cs\",\"@id\":\"http:\/\/whitephoto.eu\/cs\/#primaryimage\",\"url\":\"https:\/\/whitephoto.eu\/wp-content\/uploads\/2020\/05\/wedding-in-prague-c_0000.jpg\",\"contentUrl\":\"https:\/\/whitephoto.eu\/wp-content\/uploads\/2020\/05\/wedding-in-prague-c_0000.jpg\",\"width\":1920,\"height\":1920,\"caption\":\"\u0424\u043e\u0442\u043e\u0433\u0440\u0430\u0444 \u0432 \u041f\u0440\u0430\u0433\u0435-\u041a\u043b\u0435\u043c\u0435\u043d\u0442\u0438\u043d\u0443\u043c\"},{\"@type\":\"WebPage\",\"@id\":\"http:\/\/whitephoto.eu\/cs\/#webpage\",\"url\":\"http:\/\/whitephoto.eu\/cs\/\",\"name\":\"\u00davod - whitephoto.eu\",\"isPartOf\":{\"@id\":\"http:\/\/whitephoto.eu\/#website\"},\"primaryImageOfPage\":{\"@id\":\"http:\/\/whitephoto.eu\/cs\/#primaryimage\"},\"datePublished\":\"2020-08-27T11:13:15+00:00\",\"dateModified\":\"2020-09-22T20:27:11+00:00\",\"description\":\"Fotograf v Praze a \u010cesk\u00e9 republice. Svatby, firemn\u00ed akce, portr\u00e9ty, interi\u00e9ry, produktov\u00e9 foto.\",\"breadcrumb\":{\"@id\":\"http:\/\/whitephoto.eu\/cs\/#breadcrumb\"},\"inLanguage\":\"cs\",\"potentialAction\":[{\"@type\":\"ReadAction\",\"target\":[\"http:\/\/whitephoto.eu\/cs\/\"]}]},{\"@type\":\"BreadcrumbList\",\"@id\":\"http:\/\/whitephoto.eu\/cs\/#breadcrumb\",\"itemListElement\":[{\"@type\":\"ListItem\",\"position\":1,\"name\":\"\u0413\u043b\u0430\u0432\u043d\u0430\u044f \u0441\u0442\u0440\u0430\u043d\u0438\u0446\u0430\",\"item\":\"http:\/\/whitephoto.eu\/cs\/\"},{\"@type\":\"ListItem\",\"position\":2,\"name\":\"\u00davod\"}]}]}<\/script>\n<!-- \/ Yoast SEO plugin. -->","yoast_head_json":{"title":"\u00davod - whitephoto.eu","description":"Fotograf v Praze a \u010cesk\u00e9 republice. Svatby, firemn\u00ed akce, portr\u00e9ty, interi\u00e9ry, produktov\u00e9 foto.","robots":{"index":"index","follow":"follow","max-snippet":"max-snippet:-1","max-image-preview":"max-image-preview:large","max-video-preview":"max-video-preview:-1"},"canonical":"http:\/\/whitephoto.eu\/cs\/","og_locale":"cs_CZ","og_type":"article","og_title":"\u00davod - whitephoto.eu","og_description":"Fotograf v Praze a \u010cesk\u00e9 republice. Svatby, firemn\u00ed akce, portr\u00e9ty, interi\u00e9ry, produktov\u00e9 foto.","og_url":"http:\/\/whitephoto.eu\/cs\/","og_site_name":"whitephoto.eu","article_publisher":"https:\/\/www.facebook.com\/Whitephoto.eu\/","article_modified_time":"2020-09-22T20:27:11+00:00","og_image":[{"width":1920,"height":1920,"url":"http:\/\/whitephoto.eu\/wp-content\/uploads\/2020\/05\/wedding-in-prague-c_0000.jpg","type":"image\/jpeg"}],"author":"admin","twitter_card":"summary_large_image","twitter_misc":{"Odhadovan\u00e1 doba \u010dten\u00ed":"1 minuta"},"schema":{"@context":"https:\/\/schema.org","@graph":[{"@type":"Organization","@id":"http:\/\/whitephoto.eu\/#organization","name":"White Photography","url":"http:\/\/whitephoto.eu\/","sameAs":["https:\/\/www.facebook.com\/Whitephoto.eu\/"],"logo":{"@type":"ImageObject","inLanguage":"cs","@id":"http:\/\/whitephoto.eu\/#\/schema\/logo\/image\/","url":"http:\/\/whitephoto.eu\/wp-content\/uploads\/2020\/05\/wedding-in-prague-c_0000.jpg","contentUrl":"http:\/\/whitephoto.eu\/wp-content\/uploads\/2020\/05\/wedding-in-prague-c_0000.jpg","width":1920,"height":1920,"caption":"White Photography"},"image":{"@id":"http:\/\/whitephoto.eu\/#\/schema\/logo\/image\/"}},{"@type":"WebSite","@id":"http:\/\/whitephoto.eu\/#website","url":"http:\/\/whitephoto.eu\/","name":"whitephoto.eu","description":"\u0415\u0449\u0451 \u043e\u0434\u0438\u043d \u0441\u0430\u0439\u0442 \u043d\u0430 WordPress","publisher":{"@id":"http:\/\/whitephoto.eu\/#organization"},"potentialAction":[{"@type":"SearchAction","target":{"@type":"EntryPoint","urlTemplate":"http:\/\/whitephoto.eu\/?s={search_term_string}"},"query-input":"required name=search_term_string"}],"inLanguage":"cs"},{"@type":"ImageObject","inLanguage":"cs","@id":"http:\/\/whitephoto.eu\/cs\/#primaryimage","url":"https:\/\/whitephoto.eu\/wp-content\/uploads\/2020\/05\/wedding-in-prague-c_0000.jpg","contentUrl":"https:\/\/whitephoto.eu\/wp-content\/uploads\/2020\/05\/wedding-in-prague-c_0000.jpg","width":1920,"height":1920,"caption":"\u0424\u043e\u0442\u043e\u0433\u0440\u0430\u0444 \u0432 \u041f\u0440\u0430\u0433\u0435-\u041a\u043b\u0435\u043c\u0435\u043d\u0442\u0438\u043d\u0443\u043c"},{"@type":"WebPage","@id":"http:\/\/whitephoto.eu\/cs\/#webpage","url":"http:\/\/whitephoto.eu\/cs\/","name":"\u00davod - whitephoto.eu","isPartOf":{"@id":"http:\/\/whitephoto.eu\/#website"},"primaryImageOfPage":{"@id":"http:\/\/whitephoto.eu\/cs\/#primaryimage"},"datePublished":"2020-08-27T11:13:15+00:00","dateModified":"2020-09-22T20:27:11+00:00","description":"Fotograf v Praze a \u010cesk\u00e9 republice. Svatby, firemn\u00ed akce, portr\u00e9ty, interi\u00e9ry, produktov\u00e9 foto.","breadcrumb":{"@id":"http:\/\/whitephoto.eu\/cs\/#breadcrumb"},"inLanguage":"cs","potentialAction":[{"@type":"ReadAction","target":["http:\/\/whitephoto.eu\/cs\/"]}]},{"@type":"BreadcrumbList","@id":"http:\/\/whitephoto.eu\/cs\/#breadcrumb","itemListElement":[{"@type":"ListItem","position":1,"name":"\u0413\u043b\u0430\u0432\u043d\u0430\u044f \u0441\u0442\u0440\u0430\u043d\u0438\u0446\u0430","item":"http:\/\/whitephoto.eu\/cs\/"},{"@type":"ListItem","position":2,"name":"\u00davod"}]}]}},"_links":{"self":[{"href":"https:\/\/whitephoto.eu\/wp-json\/wp\/v2\/pages\/1792"}],"collection":[{"href":"https:\/\/whitephoto.eu\/wp-json\/wp\/v2\/pages"}],"about":[{"href":"https:\/\/whitephoto.eu\/wp-json\/wp\/v2\/types\/page"}],"author":[{"embeddable":true,"href":"https:\/\/whitephoto.eu\/wp-json\/wp\/v2\/users\/1"}],"replies":[{"embeddable":true,"href":"https:\/\/whitephoto.eu\/wp-json\/wp\/v2\/comments?post=1792"}],"version-history":[{"count":10,"href":"https:\/\/whitephoto.eu\/wp-json\/wp\/v2\/pages\/1792\/revisions"}],"predecessor-version":[{"id":2073,"href":"https:\/\/whitephoto.eu\/wp-json\/wp\/v2\/pages\/1792\/revisions\/2073"}],"wp:featuredmedia":[{"embeddable":true,"href":"https:\/\/whitephoto.eu\/wp-json\/wp\/v2\/media\/1302"}],"wp:attachment":[{"href":"https:\/\/whitephoto.eu\/wp-json\/wp\/v2\/media?parent=1792"}],"curies":[{"name":"wp","href":"https:\/\/api.w.org\/{rel}","templated":true}]}}